{"id":659,"date":"2012-04-20T14:26:20","date_gmt":"2012-04-20T22:26:20","guid":{"rendered":"http:\/\/shindharmanet.com\/?page_id=659"},"modified":"2015-02-28T21:09:26","modified_gmt":"2015-02-28T21:09:26","slug":"other","status":"publish","type":"page","link":"https:\/\/bschawaii.org\/shindharmanet\/writings\/other\/","title":{"rendered":"Other writers"},"content":{"rendered":"<p><strong>Rev. Ruth Tabrah &#8230;<\/strong>\u00a0The late Ruth Tabrah, an active member of the Honpa Hongwanji Mission of Hawaii and president of the Hawaii Association of International Buddhists, was a well-known writer and longtime Shin Buddhist.<br \/>\n<span style=\"color: #000000;\"><a><span style=\"color: #000000;\"><strong><strong>*<\/strong> <\/strong><\/span><\/a><\/span><a href=\"https:\/\/bschawaii.org\/shindharmanet\/wp-content\/uploads\/sites\/3\/2012\/05\/Tabrah-Address.pdf\">Welcoming Address\u00a0<\/a>\u2013 Given as a welcoming address to the Conference on Buddhism and Leadership for Peace, held at the University of Hawaii, and sponsored by the Dae Won Sa Buddhist Temple and the Department of Philosophy at the University. Rev. Tabrah was particularly interested in the relationship of Buddhism and science and how the alliance of the two areas of knowledge and experience may assist in the solution of modern problems.<br \/>\n<strong>*<\/strong> <a href=\"https:\/\/bschawaii.org\/shindharmanet\/wp-content\/uploads\/sites\/3\/2012\/04\/Tabrah-Dewdrop.pdf\">Dewdrop On Grassblade: Shin Buddhism And The New Physics\u00a0<\/a><\/p>\n<p><strong>Rev. Ruth Tabrah &amp; Rev. Shoji Matsumoto<\/strong><br \/>\n<a><strong><strong>*<\/strong> <\/strong><\/a><a href=\"https:\/\/bschawaii.org\/shindharmanet\/wp-content\/uploads\/sites\/3\/2012\/04\/Tabrah-Shinsutras.pdf\">Shin Sutras To Live By<\/a>\u00a0\u2013 A translation of the three primary sutras that guide, inspire, and are a source of spiritual strength and courage for Shin Buddhists everywhere.<\/p>\n<p><strong>Toshikazu Arai<\/strong>\u00a0<strong>&#8230;<\/strong> Professor Emeritus, Soai University, Osaka, Japan<br \/>\n<a><strong><strong> *<\/strong>\u00a0<\/strong><\/a><a href=\"https:\/\/bschawaii.org\/shindharmanet\/wp-content\/uploads\/sites\/3\/2012\/04\/Arai-Arms.pdf\">No Need for Arms and Armed Forces<\/a><\/p>\n<p><strong>Rev. Toshinori Kasahara<\/strong>\u00a0<strong>&#8230;<\/strong> Formerly of Higashi Honganji, Honolulu<br \/>\n<strong>*<\/strong><a href=\"https:\/\/bschawaii.org\/shindharmanet\/wp-content\/uploads\/sites\/3\/2012\/04\/Kasahara-Burakumin.pdf\"> Shin Buddhism and the Burakumin<\/a>\u00a0\u2013 An essay on the origins of the Burakumin, a community in Japan that faces discrimination. A challenge for Shin Buddhism and religion in general.<\/p>\n<p><strong>Dennis Hirota<\/strong>\u00a0<strong>&#8230;<\/strong> Chief translator for the &#8220;Collected Works of Shinran,&#8221; which has made Shinran&#8217;s writings accessible to the Western public.<br \/>\n<a><strong><strong> *<\/strong>\u00a0<\/strong><\/a><a href=\"https:\/\/bschawaii.org\/shindharmanet\/wp-content\/uploads\/sites\/3\/2012\/04\/Hirota-Barth.pdf\">Shinran, Barth, and Religion: Engagement with Religious Language as an Issue of Comparative Theology<\/a><\/p>\n<p><strong>Rev. Koju Fujieda<\/strong>\u00a0<strong>&#8230;<\/strong> A former English teacher, priest of Ryokaiji Temple in Fukui prefecture, Japan.<br \/>\n<a><strong><strong>* <\/strong><\/strong><\/a><a href=\"https:\/\/bschawaii.org\/shindharmanet\/wp-content\/uploads\/sites\/3\/2012\/04\/Fujieda-Ultimate.pdf\">Ultimate Value of Human Life<\/a><br \/>\n<a><strong><strong>* <\/strong><\/strong><\/a><a href=\"https:\/\/bschawaii.org\/shindharmanet\/wp-content\/uploads\/sites\/3\/2012\/04\/Fujieda-Bookmarks.pdf\">Fujieda Dharma Hearing Bookmarks<\/a><br \/>\n<a><strong><strong>* <\/strong><\/strong><\/a><a href=\"https:\/\/bschawaii.org\/shindharmanet\/wp-content\/uploads\/sites\/3\/2012\/04\/Fujieda-Dharmacards.pdf\">Dharma Cards<\/a><\/p>\n<p><strong>Rev. Nobuaki Hanaoka<\/strong>\u00a0<strong>&#8230;<\/strong> A Methodist minister in California, who participates in interfaith activities.<br \/>\n<a><strong><strong>* <\/strong><\/strong><\/a><a href=\"https:\/\/bschawaii.org\/shindharmanet\/wp-content\/uploads\/sites\/3\/2012\/05\/Hanaoka-Catalytic.pdf\">Catalytic Disparities<\/a><\/p>\n<p><strong>Rev. Daien<\/strong>\u00a0<strong>(Tsutomu) Haseo<\/strong><br \/>\n<a><strong><strong>* <\/strong><\/strong><\/a><a href=\"https:\/\/bschawaii.org\/shindharmanet\/wp-content\/uploads\/sites\/3\/2012\/05\/Haseo-Learning.pdf\">Learning the Buddha\u2019s Great Compassion<\/a><br \/>\n<a><strong><strong>* <\/strong><\/strong><\/a><a href=\"https:\/\/bschawaii.org\/shindharmanet\/wp-content\/uploads\/sites\/3\/2012\/04\/Haseo-Letters.pdf\">Letters of Rennyo: The Essence of Shin Buddhism<\/a><br \/>\n<a><strong><strong>* <\/strong><\/strong><\/a><a href=\"https:\/\/bschawaii.org\/shindharmanet\/wp-content\/uploads\/sites\/3\/2012\/04\/Haseo-Deeply.pdf\">Living as a Shin Buddhist\u00a0\u2013 Experiencing Two Types of Deeply Entrusting Mind<\/a><br \/>\n<strong><strong><a>*\u00a0<\/a><\/strong><\/strong><a href=\"https:\/\/bschawaii.org\/shindharmanet\/wp-content\/uploads\/sites\/3\/2012\/05\/Haseo-Entrusting.pdf\">Shinjin\u00a0\u2013 Experience of True Entrusting<\/a><a><br \/>\n<strong><strong>* <\/strong><\/strong><\/a><a href=\"https:\/\/bschawaii.org\/shindharmanet\/wp-content\/uploads\/sites\/3\/2012\/04\/Haseo-Priest.pdf\">A Japanese priest&#8217;s Obon<\/a><a href=\"http:\/\/www.shindharmanet.com\/wp-content\/uploads\/2012\/pdf\/Haseo-Priest.pdf\"><br \/>\n<\/a><a><strong><strong>* <\/strong><\/strong><\/a><a href=\"https:\/\/bschawaii.org\/shindharmanet\/basics\/obon\/sermon\/\">Sermon for the Service of Obon\u00a0<\/a><\/p>\n<p><strong>Hoshin Seki<\/strong>\u00a0&#8230; President, American Buddhist Study Center, New York<br \/>\n<a><strong><strong>* <\/strong><\/strong><\/a><a href=\"https:\/\/bschawaii.org\/shindharmanet\/wp-content\/uploads\/sites\/3\/2012\/04\/Seki-Karma.pdf\">Karma<\/a><\/p>\n<p><strong>John Hite<\/strong>\u00a0&#8230; Studied Buddhism at the Institute of Buddhist Studies in Berkeley, and under the guidance of Dr. Nobuo Haneda.<br \/>\n<a><strong><strong>* <\/strong><\/strong><\/a><a title=\"Self\" href=\"https:\/\/bschawaii.org\/shindharmanet\/writings\/self\/\">Self\u00a0\u2013<\/a> An essay that appeared in the Midwest Buddhist Temple Newsletter, March 1995, Vol. 45 #3.<\/p>\n<p><strong>Rev. Richard Tennes<\/strong>\u00a0&#8230; A minister at the Honpa Hongwanji Mission of Hawaii Betsuin, who studied at the Institute of Buddhist Studies in Berkeley.<br \/>\n<a><strong><strong>* <\/strong><\/strong><\/a><a href=\"https:\/\/bschawaii.org\/shindharmanet\/wp-content\/uploads\/sites\/3\/2012\/05\/Tennes-Twelve.pdf\">Twelve Lights<\/a><br \/>\n<a><strong><strong>* <\/strong><\/strong><\/a><a href=\"https:\/\/bschawaii.org\/shindharmanet\/wp-content\/uploads\/sites\/3\/2012\/05\/Tennes-Invisible.pdf\">The Invisible World\u00a0<\/a>\u2013 Discussion of the symbolism of the o-naijin or altar area of the temple and its spiritual significance.<br \/>\n<a><strong><strong>* <\/strong><\/strong><\/a><a href=\"https:\/\/bschawaii.org\/shindharmanet\/wp-content\/uploads\/sites\/3\/2012\/05\/Tennes-True.pdf\">True Gratitude<\/a>\u00a0\u2013 Dharma Message<br \/>\n<a><strong><strong>* <\/strong><\/strong><\/a><a href=\"https:\/\/bschawaii.org\/shindharmanet\/wp-content\/uploads\/sites\/3\/2012\/04\/Tennes-Waga.pdf\">\u2018Waga Shinnen\u2019<\/a> (\u2018My Faith\u2019) \u2013 Kiyozawa Manshi\u2019s Final Reflection on His Faith<br \/>\n<a><strong><strong>* <\/strong><\/strong><\/a><a href=\"https:\/\/bschawaii.org\/shindharmanet\/wp-content\/uploads\/sites\/3\/2012\/04\/Tennes-Ketsujo.pdf\">The Anjin Ketsuj\u014d Sh\u014d and its Influence on J\u014ddo Shinsh\u016b Thought<\/a><br \/>\n<a><strong><strong>* <\/strong><\/strong><\/a><a href=\"https:\/\/bschawaii.org\/shindharmanet\/wp-content\/uploads\/sites\/3\/2012\/05\/Tennes-View.pdf\">Women in the Pure Land: Eshinni\u2019s View of Rebirth as Expressed in Her Letters<\/a><\/p>\n<p><strong>Chihoko Yosemori<\/strong><br \/>\n<a><strong><strong>* <\/strong><\/strong><\/a><a href=\"https:\/\/bschawaii.org\/shindharmanet\/wp-content\/uploads\/sites\/3\/2012\/04\/Yosemori-Unsung.pdf\">Hongwanji History\u2019s Unsung Heroines<\/a><\/p>\n<p><strong>Rev. David Matsumoto, Ph.D. &#8230;<\/strong> Minister, Berkeley Buddhist Temple; Director, Center for Contemporary Shin Buddhist Studies.<br \/>\n<a><strong><strong>* <\/strong><\/strong><\/a><a href=\"https:\/\/bschawaii.org\/shindharmanet\/wp-content\/uploads\/sites\/3\/2012\/05\/Matsumoto-Prayers.pdf\">Prayers for the world<\/a><\/p>\n<p><strong>Rev. Miki Nakura<\/strong> &#8230; Higashi Hongwanji Mission, Kaneohe, Hawaii<br \/>\n<a><strong><strong>* <\/strong><\/strong><\/a><a title=\"My Precious Encounter with the Buddha\" href=\"https:\/\/bschawaii.org\/shindharmanet\/writings\/precious\/\">My Precious Encounter with the Buddha<\/a><\/p>\n<p><strong>Prof. Futaba Kenko<\/strong>\u00a0\u2013 Past president of Japan&#8217;s Ryukoku University and Kyoto Women&#8217;s University. A leading scholar of Japanese Buddhist history at the Hongwanji&#8217;s Ryukoku University, he was a critical historian and also active in revitalizing and reforming the Hongwanji to meet the challenges of modern society. <br style=\"font-family: Verdana,arial,helvetica;\" \/> <a><strong><strong>* <\/strong><\/strong><\/a><a href=\"https:\/\/bschawaii.org\/shindharmanet\/wp-content\/uploads\/sites\/3\/2012\/05\/Kenko-Reformation.pdf\">The Reformation of the Shin Buddhist Sangha<\/a><\/p>\n<p><strong>&gt;&gt; The Futaba Memorial Lectures, <\/strong>Honpa Hongwanji Mission of Hawaii <strong>\u2013 <\/strong>Held annually in the Fall, this lecture series was established in honor of the late Professor Kenko. Noted scholars are invited to offer lectures on themes of Buddhism and Society and Culture.<\/p>\n<p><strong><em>| 2009:<\/em><\/strong><br \/>\n<em><a href=\"https:\/\/bschawaii.org\/shindharmanet\/wp-content\/uploads\/sites\/3\/2012\/04\/Habito-Ennobling.pdf\">Four Ennobling Truths of Our Global Society<\/a><\/em> \u2013 Dr. Ruben Habito, Southern Methodist University<br \/>\n<a href=\"https:\/\/bschawaii.org\/shindharmanet\/wp-content\/uploads\/sites\/3\/2012\/04\/Arai-Grateful.pdf\"><em>Grateful Heart: A Buddhist Way of Healing<\/em><\/a> \u2013 Dr. Paula Arai, Louisiana State University<\/p>\n<p><strong><em>| 2010: <\/em><\/strong><br \/>\n<a href=\"https:\/\/bschawaii.org\/shindharmanet\/wp-content\/uploads\/sites\/3\/2012\/04\/Wilson-American.pdf\"><em>Shin Buddhism: An American Religion<\/em><\/a>\u00a0\u2013 Dr. Jeff Wilson,\u00a0Assistant Professor of Religious Studies and East Asian Studies, Renison University College, Waterloo, Ontario.<\/p>\n","protected":false},"excerpt":{"rendered":"<p>Rev. Ruth Tabrah &#8230;\u00a0The late Ruth Tabrah, an active member of the Honpa Hongwanji Mission of Hawaii and president of the Hawaii Association of International Buddhists, was a well-known writer and longtime Shin Buddhist. * Welcoming Address\u00a0\u2013 Given as a <span class=\"excerpt-dots\">&hellip;<\/span> <a class=\"more-link\" href=\"https:\/\/bschawaii.org\/shindharmanet\/writings\/other\/\"><span class=\"more-msg\">Continue reading &rarr;<\/span><\/a><\/p>\n","protected":false},"author":5,"featured_media":0,"parent":106,"menu_order":0,"comment_status":"closed","ping_status":"closed","template":"","meta":{"footnotes":""},"class_list":["post-659","page","type-page","status-publish","hentry"],"_links":{"self":[{"href":"https:\/\/bschawaii.org\/shindharmanet\/wp-json\/wp\/v2\/pages\/659","targetHints":{"allow":["GET"]}}],"collection":[{"href":"https:\/\/bschawaii.org\/shindharmanet\/wp-json\/wp\/v2\/pages"}],"about":[{"href":"https:\/\/bschawaii.org\/shindharmanet\/wp-json\/wp\/v2\/types\/page"}],"author":[{"embeddable":true,"href":"https:\/\/bschawaii.org\/shindharmanet\/wp-json\/wp\/v2\/users\/5"}],"replies":[{"embeddable":true,"href":"https:\/\/bschawaii.org\/shindharmanet\/wp-json\/wp\/v2\/comments?post=659"}],"version-history":[{"count":0,"href":"https:\/\/bschawaii.org\/shindharmanet\/wp-json\/wp\/v2\/pages\/659\/revisions"}],"up":[{"embeddable":true,"href":"https:\/\/bschawaii.org\/shindharmanet\/wp-json\/wp\/v2\/pages\/106"}],"wp:attachment":[{"href":"https:\/\/bschawaii.org\/shindharmanet\/wp-json\/wp\/v2\/media?parent=659"}],"curies":[{"name":"wp","href":"https:\/\/api.w.org\/{rel}","templated":true}]}}